{"id":847,"date":"2020-10-27T16:34:42","date_gmt":"2020-10-27T16:34:42","guid":{"rendered":"http:\/\/canterocacao.com\/?post_type=product&#038;p=847"},"modified":"2026-01-28T14:51:17","modified_gmt":"2026-01-28T14:51:17","slug":"cacao-en-polvo","status":"publish","type":"product","link":"https:\/\/canterocacao.com\/en\/product\/cacao-en-polvo\/","title":{"rendered":"100% PURE COCOA POWDER"},"content":{"rendered":"<p><img fetchpriority=\"high\" decoding=\"async\" class=\"alignnone size-medium wp-image-832\" src=\"https:\/\/canterocacao.com\/wp-content\/uploads\/2020\/10\/2-tienda-2-300x300.jpg\" alt=\"\" width=\"300\" height=\"300\" srcset=\"https:\/\/canterocacao.com\/wp-content\/uploads\/2020\/10\/2-tienda-2-300x300.jpg 300w, https:\/\/canterocacao.com\/wp-content\/uploads\/2020\/10\/2-tienda-2-100x100.jpg 100w, https:\/\/canterocacao.com\/wp-content\/uploads\/2020\/10\/2-tienda-2-150x150.jpg 150w, https:\/\/canterocacao.com\/wp-content\/uploads\/2020\/10\/2-tienda-2-12x12.jpg 12w, https:\/\/canterocacao.com\/wp-content\/uploads\/2020\/10\/2-tienda-2.jpg 600w\" sizes=\"(max-width: 300px) 100vw, 300px\" \/><\/p>\n<p>Cacao en polvo al 100% x 120gr<\/p>","protected":false},"excerpt":{"rendered":"<p>100% PURE COCOA POWDER<\/p>\n<p>Cacao al 100%, sin az\u00facar, sin gluten, bolsa por 120 Gr. libre de aditivos qu\u00edmicos, sin grasas trans. Experimenta el sabor aut\u00e9ntico del cacao puro.<\/p>\n<p>CACAO DE ORIGEN ARTESANAL Y SALUDABLE<\/p>\n<ul>\n<li>Envi\u00f3 no incluido en el precio del producto<\/li>\n<\/ul>","protected":false},"featured_media":844,"comment_status":"open","ping_status":"closed","template":"","meta":{"_joinchat":[]},"product_brand":[],"product_cat":[37],"product_tag":[],"class_list":{"0":"post-847","1":"product","2":"type-product","3":"status-publish","4":"has-post-thumbnail","6":"product_cat-cacao-en-polvo","8":"first","9":"instock","10":"featured","11":"shipping-taxable","12":"purchasable","13":"product-type-simple"},"yoast_head":"<!-- This site is optimized with the Yoast SEO plugin v27.4 - https:\/\/yoast.com\/product\/yoast-seo-wordpress\/ -->\n<title>CACAO PURO EN POLVO AL 100% - CANTERO CACAO | Cacao Artesanal y Saludable 100% Colombiano<\/title>\n<meta name=\"description\" content=\"cacao puro en polvo sin az\u00facar\" \/>\n<meta name=\"robots\" content=\"index, follow, max-snippet:-1, max-image-preview:large, max-video-preview:-1\" \/>\n<link rel=\"canonical\" href=\"https:\/\/canterocacao.com\/en\/product\/cacao-en-polvo\/\" \/>\n<meta property=\"og:locale\" content=\"en_US\" \/>\n<meta property=\"og:type\" content=\"article\" \/>\n<meta property=\"og:title\" content=\"CACAO PURO EN POLVO AL 100% - CANTERO CACAO | Cacao Artesanal y Saludable 100% Colombiano\" \/>\n<meta property=\"og:description\" content=\"cacao puro en polvo sin az\u00facar\" \/>\n<meta property=\"og:url\" content=\"https:\/\/canterocacao.com\/en\/product\/cacao-en-polvo\/\" \/>\n<meta property=\"og:site_name\" content=\"CANTERO CACAO | Cacao Artesanal y Saludable 100% Colombiano\" \/>\n<meta property=\"article:publisher\" content=\"https:\/\/www.facebook.com\/cantero.cacao\" \/>\n<meta property=\"article:modified_time\" content=\"2026-01-28T14:51:17+00:00\" \/>\n<meta property=\"og:image\" content=\"https:\/\/canterocacao.com\/wp-content\/uploads\/2020\/10\/9-producto-2.jpg\" \/>\n\t<meta property=\"og:image:width\" content=\"600\" \/>\n\t<meta property=\"og:image:height\" content=\"600\" \/>\n\t<meta property=\"og:image:type\" content=\"image\/jpeg\" \/>\n<meta name=\"twitter:card\" content=\"summary_large_image\" \/>\n<meta name=\"twitter:label1\" content=\"Est. reading time\" \/>\n\t<meta name=\"twitter:data1\" content=\"1 minute\" \/>\n<script type=\"application\/ld+json\" class=\"yoast-schema-graph\">{\"@context\":\"https:\\\/\\\/schema.org\",\"@graph\":[{\"@type\":\"WebPage\",\"@id\":\"https:\\\/\\\/canterocacao.com\\\/producto\\\/cacao-en-polvo\\\/\",\"url\":\"https:\\\/\\\/canterocacao.com\\\/producto\\\/cacao-en-polvo\\\/\",\"name\":\"CACAO PURO EN POLVO AL 100% - CANTERO CACAO | Cacao Artesanal y Saludable 100% Colombiano\",\"isPartOf\":{\"@id\":\"https:\\\/\\\/canterocacao.com\\\/en\\\/#website\"},\"primaryImageOfPage\":{\"@id\":\"https:\\\/\\\/canterocacao.com\\\/producto\\\/cacao-en-polvo\\\/#primaryimage\"},\"image\":{\"@id\":\"https:\\\/\\\/canterocacao.com\\\/producto\\\/cacao-en-polvo\\\/#primaryimage\"},\"thumbnailUrl\":\"https:\\\/\\\/canterocacao.com\\\/wp-content\\\/uploads\\\/2020\\\/10\\\/9-producto-2.jpg\",\"datePublished\":\"2020-10-27T16:34:42+00:00\",\"dateModified\":\"2026-01-28T14:51:17+00:00\",\"description\":\"cacao puro en polvo sin az\u00facar\",\"breadcrumb\":{\"@id\":\"https:\\\/\\\/canterocacao.com\\\/producto\\\/cacao-en-polvo\\\/#breadcrumb\"},\"inLanguage\":\"en-US\",\"potentialAction\":[{\"@type\":\"ReadAction\",\"target\":[\"https:\\\/\\\/canterocacao.com\\\/producto\\\/cacao-en-polvo\\\/\"]}]},{\"@type\":\"ImageObject\",\"inLanguage\":\"en-US\",\"@id\":\"https:\\\/\\\/canterocacao.com\\\/producto\\\/cacao-en-polvo\\\/#primaryimage\",\"url\":\"https:\\\/\\\/canterocacao.com\\\/wp-content\\\/uploads\\\/2020\\\/10\\\/9-producto-2.jpg\",\"contentUrl\":\"https:\\\/\\\/canterocacao.com\\\/wp-content\\\/uploads\\\/2020\\\/10\\\/9-producto-2.jpg\",\"width\":600,\"height\":600},{\"@type\":\"BreadcrumbList\",\"@id\":\"https:\\\/\\\/canterocacao.com\\\/producto\\\/cacao-en-polvo\\\/#breadcrumb\",\"itemListElement\":[{\"@type\":\"ListItem\",\"position\":1,\"name\":\"Portada\",\"item\":\"https:\\\/\\\/canterocacao.com\\\/\"},{\"@type\":\"ListItem\",\"position\":2,\"name\":\"Tienda\",\"item\":\"https:\\\/\\\/canterocacao.com\\\/tienda\\\/\"},{\"@type\":\"ListItem\",\"position\":3,\"name\":\"CACAO PURO EN POLVO AL 100%\"}]},{\"@type\":\"WebSite\",\"@id\":\"https:\\\/\\\/canterocacao.com\\\/en\\\/#website\",\"url\":\"https:\\\/\\\/canterocacao.com\\\/en\\\/\",\"name\":\"CANTERO CACAO\",\"description\":\"Cultivamos cacao en Antioquia y  lo transformamos de manera artesanal en productos saludables\",\"publisher\":{\"@id\":\"https:\\\/\\\/canterocacao.com\\\/en\\\/#organization\"},\"potentialAction\":[{\"@type\":\"SearchAction\",\"target\":{\"@type\":\"EntryPoint\",\"urlTemplate\":\"https:\\\/\\\/canterocacao.com\\\/en\\\/?s={search_term_string}\"},\"query-input\":{\"@type\":\"PropertyValueSpecification\",\"valueRequired\":true,\"valueName\":\"search_term_string\"}}],\"inLanguage\":\"en-US\"},{\"@type\":\"Organization\",\"@id\":\"https:\\\/\\\/canterocacao.com\\\/en\\\/#organization\",\"name\":\"Cantero Cacao\",\"url\":\"https:\\\/\\\/canterocacao.com\\\/en\\\/\",\"logo\":{\"@type\":\"ImageObject\",\"inLanguage\":\"en-US\",\"@id\":\"https:\\\/\\\/canterocacao.com\\\/en\\\/#\\\/schema\\\/logo\\\/image\\\/\",\"url\":\"https:\\\/\\\/canterocacao.com\\\/wp-content\\\/uploads\\\/2025\\\/09\\\/logo-cantero-.png\",\"contentUrl\":\"https:\\\/\\\/canterocacao.com\\\/wp-content\\\/uploads\\\/2025\\\/09\\\/logo-cantero-.png\",\"width\":253,\"height\":100,\"caption\":\"Cantero Cacao\"},\"image\":{\"@id\":\"https:\\\/\\\/canterocacao.com\\\/en\\\/#\\\/schema\\\/logo\\\/image\\\/\"},\"sameAs\":[\"https:\\\/\\\/www.facebook.com\\\/cantero.cacao\",\"https:\\\/\\\/www.instagram.com\\\/cantero.cacao\\\/\"]}]}<\/script>\n<!-- \/ Yoast SEO plugin. -->","yoast_head_json":{"title":"CACAO PURO EN POLVO AL 100% - CANTERO CACAO | Cacao Artesanal y Saludable 100% Colombiano","description":"cacao puro en polvo sin az\u00facar","robots":{"index":"index","follow":"follow","max-snippet":"max-snippet:-1","max-image-preview":"max-image-preview:large","max-video-preview":"max-video-preview:-1"},"canonical":"https:\/\/canterocacao.com\/en\/product\/cacao-en-polvo\/","og_locale":"en_US","og_type":"article","og_title":"CACAO PURO EN POLVO AL 100% - CANTERO CACAO | Cacao Artesanal y Saludable 100% Colombiano","og_description":"cacao puro en polvo sin az\u00facar","og_url":"https:\/\/canterocacao.com\/en\/product\/cacao-en-polvo\/","og_site_name":"CANTERO CACAO | Cacao Artesanal y Saludable 100% Colombiano","article_publisher":"https:\/\/www.facebook.com\/cantero.cacao","article_modified_time":"2026-01-28T14:51:17+00:00","og_image":[{"width":600,"height":600,"url":"https:\/\/canterocacao.com\/wp-content\/uploads\/2020\/10\/9-producto-2.jpg","type":"image\/jpeg"}],"twitter_card":"summary_large_image","twitter_misc":{"Est. reading time":"1 minute"},"schema":{"@context":"https:\/\/schema.org","@graph":[{"@type":"WebPage","@id":"https:\/\/canterocacao.com\/producto\/cacao-en-polvo\/","url":"https:\/\/canterocacao.com\/producto\/cacao-en-polvo\/","name":"CACAO PURO EN POLVO AL 100% - CANTERO CACAO | Cacao Artesanal y Saludable 100% Colombiano","isPartOf":{"@id":"https:\/\/canterocacao.com\/en\/#website"},"primaryImageOfPage":{"@id":"https:\/\/canterocacao.com\/producto\/cacao-en-polvo\/#primaryimage"},"image":{"@id":"https:\/\/canterocacao.com\/producto\/cacao-en-polvo\/#primaryimage"},"thumbnailUrl":"https:\/\/canterocacao.com\/wp-content\/uploads\/2020\/10\/9-producto-2.jpg","datePublished":"2020-10-27T16:34:42+00:00","dateModified":"2026-01-28T14:51:17+00:00","description":"cacao puro en polvo sin az\u00facar","breadcrumb":{"@id":"https:\/\/canterocacao.com\/producto\/cacao-en-polvo\/#breadcrumb"},"inLanguage":"en-US","potentialAction":[{"@type":"ReadAction","target":["https:\/\/canterocacao.com\/producto\/cacao-en-polvo\/"]}]},{"@type":"ImageObject","inLanguage":"en-US","@id":"https:\/\/canterocacao.com\/producto\/cacao-en-polvo\/#primaryimage","url":"https:\/\/canterocacao.com\/wp-content\/uploads\/2020\/10\/9-producto-2.jpg","contentUrl":"https:\/\/canterocacao.com\/wp-content\/uploads\/2020\/10\/9-producto-2.jpg","width":600,"height":600},{"@type":"BreadcrumbList","@id":"https:\/\/canterocacao.com\/producto\/cacao-en-polvo\/#breadcrumb","itemListElement":[{"@type":"ListItem","position":1,"name":"Portada","item":"https:\/\/canterocacao.com\/"},{"@type":"ListItem","position":2,"name":"Tienda","item":"https:\/\/canterocacao.com\/tienda\/"},{"@type":"ListItem","position":3,"name":"CACAO PURO EN POLVO AL 100%"}]},{"@type":"WebSite","@id":"https:\/\/canterocacao.com\/en\/#website","url":"https:\/\/canterocacao.com\/en\/","name":"CANTERO CACAO","description":"We grow cocoa in Antioquia and transform it into healthy products using traditional methods.","publisher":{"@id":"https:\/\/canterocacao.com\/en\/#organization"},"potentialAction":[{"@type":"SearchAction","target":{"@type":"EntryPoint","urlTemplate":"https:\/\/canterocacao.com\/en\/?s={search_term_string}"},"query-input":{"@type":"PropertyValueSpecification","valueRequired":true,"valueName":"search_term_string"}}],"inLanguage":"en-US"},{"@type":"Organization","@id":"https:\/\/canterocacao.com\/en\/#organization","name":"Cantero Cacao","url":"https:\/\/canterocacao.com\/en\/","logo":{"@type":"ImageObject","inLanguage":"en-US","@id":"https:\/\/canterocacao.com\/en\/#\/schema\/logo\/image\/","url":"https:\/\/canterocacao.com\/wp-content\/uploads\/2025\/09\/logo-cantero-.png","contentUrl":"https:\/\/canterocacao.com\/wp-content\/uploads\/2025\/09\/logo-cantero-.png","width":253,"height":100,"caption":"Cantero Cacao"},"image":{"@id":"https:\/\/canterocacao.com\/en\/#\/schema\/logo\/image\/"},"sameAs":["https:\/\/www.facebook.com\/cantero.cacao","https:\/\/www.instagram.com\/cantero.cacao\/"]}]}},"_links":{"self":[{"href":"https:\/\/canterocacao.com\/en\/wp-json\/wp\/v2\/product\/847","targetHints":{"allow":["GET"]}}],"collection":[{"href":"https:\/\/canterocacao.com\/en\/wp-json\/wp\/v2\/product"}],"about":[{"href":"https:\/\/canterocacao.com\/en\/wp-json\/wp\/v2\/types\/product"}],"replies":[{"embeddable":true,"href":"https:\/\/canterocacao.com\/en\/wp-json\/wp\/v2\/comments?post=847"}],"wp:featuredmedia":[{"embeddable":true,"href":"https:\/\/canterocacao.com\/en\/wp-json\/wp\/v2\/media\/844"}],"wp:attachment":[{"href":"https:\/\/canterocacao.com\/en\/wp-json\/wp\/v2\/media?parent=847"}],"wp:term":[{"taxonomy":"product_brand","embeddable":true,"href":"https:\/\/canterocacao.com\/en\/wp-json\/wp\/v2\/product_brand?post=847"},{"taxonomy":"product_cat","embeddable":true,"href":"https:\/\/canterocacao.com\/en\/wp-json\/wp\/v2\/product_cat?post=847"},{"taxonomy":"product_tag","embeddable":true,"href":"https:\/\/canterocacao.com\/en\/wp-json\/wp\/v2\/product_tag?post=847"}],"curies":[{"name":"wp","href":"https:\/\/api.w.org\/{rel}","templated":true}]}}