{"id":1188,"date":"2024-10-22T00:36:23","date_gmt":"2024-10-22T00:36:23","guid":{"rendered":"https:\/\/canterocacao.com\/?post_type=product&#038;p=1188"},"modified":"2026-01-28T14:40:03","modified_gmt":"2026-01-28T14:40:03","slug":"barra-de-cacao-al-70-con-arandanos","status":"publish","type":"product","link":"https:\/\/canterocacao.com\/en\/product\/barra-de-cacao-al-70-con-arandanos\/","title":{"rendered":"BARRA AL 70% CON AR\u00c1NDANOS"},"content":{"rendered":"<p><img fetchpriority=\"high\" decoding=\"async\" class=\"alignnone size-medium wp-image-1385\" src=\"https:\/\/canterocacao.com\/wp-content\/uploads\/2024\/10\/Barra-arandanos-con-dispensador-granos-300x300.png\" alt=\"\" width=\"300\" height=\"300\" srcset=\"https:\/\/canterocacao.com\/wp-content\/uploads\/2024\/10\/Barra-arandanos-con-dispensador-granos-300x300.png 300w, https:\/\/canterocacao.com\/wp-content\/uploads\/2024\/10\/Barra-arandanos-con-dispensador-granos-1024x1024.png 1024w, https:\/\/canterocacao.com\/wp-content\/uploads\/2024\/10\/Barra-arandanos-con-dispensador-granos-150x150.png 150w, https:\/\/canterocacao.com\/wp-content\/uploads\/2024\/10\/Barra-arandanos-con-dispensador-granos-768x768.png 768w, https:\/\/canterocacao.com\/wp-content\/uploads\/2024\/10\/Barra-arandanos-con-dispensador-granos-1536x1536.png 1536w, https:\/\/canterocacao.com\/wp-content\/uploads\/2024\/10\/Barra-arandanos-con-dispensador-granos-2048x2048.png 2048w, https:\/\/canterocacao.com\/wp-content\/uploads\/2024\/10\/Barra-arandanos-con-dispensador-granos-12x12.png 12w, https:\/\/canterocacao.com\/wp-content\/uploads\/2024\/10\/Barra-arandanos-con-dispensador-granos-600x600.png 600w, https:\/\/canterocacao.com\/wp-content\/uploads\/2024\/10\/Barra-arandanos-con-dispensador-granos-100x100.png 100w\" sizes=\"(max-width: 300px) 100vw, 300px\" \/><\/p>\n<p>Barra de cacao 70% con ar\u00e1ndanos<\/p>","protected":false},"excerpt":{"rendered":"<p>Barra de cacao con ar\u00e1ndanos.<\/p>\n<p>Barras de cacao 70% con ar\u00e1ndanos, bean to bar. Intenso sabor a cacao con suaves matices a frutos secos y nuez.<\/p>\n<ul>\n<li>Env\u00edo no incluido en el precio del producto.<\/li>\n<\/ul>\n<p>&nbsp;<\/p>","protected":false},"featured_media":1385,"comment_status":"open","ping_status":"closed","template":"","meta":{"_joinchat":[]},"product_brand":[],"product_cat":[15],"product_tag":[44,40,42,43,41],"class_list":{"0":"post-1188","1":"product","2":"type-product","3":"status-publish","4":"has-post-thumbnail","6":"product_cat-cacao","7":"product_tag-barra-de-cacao","8":"product_tag-cacao","9":"product_tag-chocolate","10":"product_tag-chocolatina","11":"product_tag-snack","13":"first","14":"instock","15":"shipping-taxable","16":"purchasable","17":"product-type-simple"},"yoast_head":"<!-- This site is optimized with the Yoast SEO plugin v27.5 - https:\/\/yoast.com\/product\/yoast-seo-wordpress\/ -->\n<title>BARRA AL 70% CON AR\u00c1NDANOS - CANTERO CACAO | Cacao Artesanal y Saludable 100% Colombiano<\/title>\n<meta name=\"robots\" content=\"index, follow, max-snippet:-1, max-image-preview:large, max-video-preview:-1\" \/>\n<link rel=\"canonical\" href=\"https:\/\/canterocacao.com\/en\/product\/barra-de-cacao-al-70-con-arandanos\/\" \/>\n<meta property=\"og:locale\" content=\"en_US\" \/>\n<meta property=\"og:type\" content=\"article\" \/>\n<meta property=\"og:title\" content=\"BARRA AL 70% CON AR\u00c1NDANOS - CANTERO CACAO | Cacao Artesanal y Saludable 100% Colombiano\" \/>\n<meta property=\"og:description\" content=\"Barra de cacao con ar\u00e1ndanos.  Barras de cacao 70% con ar\u00e1ndanos, bean to bar. Intenso sabor a cacao con suaves matices a frutos secos y nuez.   Env\u00edo no incluido en el precio del producto.  &nbsp;\" \/>\n<meta property=\"og:url\" content=\"https:\/\/canterocacao.com\/en\/product\/barra-de-cacao-al-70-con-arandanos\/\" \/>\n<meta property=\"og:site_name\" content=\"CANTERO CACAO | Cacao Artesanal y Saludable 100% Colombiano\" \/>\n<meta property=\"article:publisher\" content=\"https:\/\/www.facebook.com\/cantero.cacao\" \/>\n<meta property=\"article:modified_time\" content=\"2026-01-28T14:40:03+00:00\" \/>\n<meta property=\"og:image\" content=\"https:\/\/canterocacao.com\/wp-content\/uploads\/2024\/10\/Barra-arandanos-con-dispensador-granos-1024x1024.png\" \/>\n\t<meta property=\"og:image:width\" content=\"1024\" \/>\n\t<meta property=\"og:image:height\" content=\"1024\" \/>\n\t<meta property=\"og:image:type\" content=\"image\/png\" \/>\n<meta name=\"twitter:card\" content=\"summary_large_image\" \/>\n<meta name=\"twitter:label1\" content=\"Est. reading time\" \/>\n\t<meta name=\"twitter:data1\" content=\"1 minute\" \/>\n<script type=\"application\/ld+json\" class=\"yoast-schema-graph\">{\"@context\":\"https:\\\/\\\/schema.org\",\"@graph\":[{\"@type\":\"WebPage\",\"@id\":\"https:\\\/\\\/canterocacao.com\\\/producto\\\/barra-de-cacao-al-70-con-arandanos\\\/\",\"url\":\"https:\\\/\\\/canterocacao.com\\\/producto\\\/barra-de-cacao-al-70-con-arandanos\\\/\",\"name\":\"BARRA AL 70% CON AR\u00c1NDANOS - CANTERO CACAO | Cacao Artesanal y Saludable 100% Colombiano\",\"isPartOf\":{\"@id\":\"https:\\\/\\\/canterocacao.com\\\/en\\\/#website\"},\"primaryImageOfPage\":{\"@id\":\"https:\\\/\\\/canterocacao.com\\\/producto\\\/barra-de-cacao-al-70-con-arandanos\\\/#primaryimage\"},\"image\":{\"@id\":\"https:\\\/\\\/canterocacao.com\\\/producto\\\/barra-de-cacao-al-70-con-arandanos\\\/#primaryimage\"},\"thumbnailUrl\":\"https:\\\/\\\/canterocacao.com\\\/wp-content\\\/uploads\\\/2024\\\/10\\\/Barra-arandanos-con-dispensador-granos-scaled.png\",\"datePublished\":\"2024-10-22T00:36:23+00:00\",\"dateModified\":\"2026-01-28T14:40:03+00:00\",\"breadcrumb\":{\"@id\":\"https:\\\/\\\/canterocacao.com\\\/producto\\\/barra-de-cacao-al-70-con-arandanos\\\/#breadcrumb\"},\"inLanguage\":\"en-US\",\"potentialAction\":[{\"@type\":\"ReadAction\",\"target\":[\"https:\\\/\\\/canterocacao.com\\\/producto\\\/barra-de-cacao-al-70-con-arandanos\\\/\"]}]},{\"@type\":\"ImageObject\",\"inLanguage\":\"en-US\",\"@id\":\"https:\\\/\\\/canterocacao.com\\\/producto\\\/barra-de-cacao-al-70-con-arandanos\\\/#primaryimage\",\"url\":\"https:\\\/\\\/canterocacao.com\\\/wp-content\\\/uploads\\\/2024\\\/10\\\/Barra-arandanos-con-dispensador-granos-scaled.png\",\"contentUrl\":\"https:\\\/\\\/canterocacao.com\\\/wp-content\\\/uploads\\\/2024\\\/10\\\/Barra-arandanos-con-dispensador-granos-scaled.png\",\"width\":2560,\"height\":2560},{\"@type\":\"BreadcrumbList\",\"@id\":\"https:\\\/\\\/canterocacao.com\\\/producto\\\/barra-de-cacao-al-70-con-arandanos\\\/#breadcrumb\",\"itemListElement\":[{\"@type\":\"ListItem\",\"position\":1,\"name\":\"Portada\",\"item\":\"https:\\\/\\\/canterocacao.com\\\/\"},{\"@type\":\"ListItem\",\"position\":2,\"name\":\"Tienda\",\"item\":\"https:\\\/\\\/canterocacao.com\\\/tienda\\\/\"},{\"@type\":\"ListItem\",\"position\":3,\"name\":\"BARRA AL 70% CON AR\u00c1NDANOS\"}]},{\"@type\":\"WebSite\",\"@id\":\"https:\\\/\\\/canterocacao.com\\\/en\\\/#website\",\"url\":\"https:\\\/\\\/canterocacao.com\\\/en\\\/\",\"name\":\"CANTERO CACAO\",\"description\":\"Cultivamos cacao en Antioquia y  lo transformamos de manera artesanal en productos saludables\",\"publisher\":{\"@id\":\"https:\\\/\\\/canterocacao.com\\\/en\\\/#organization\"},\"potentialAction\":[{\"@type\":\"SearchAction\",\"target\":{\"@type\":\"EntryPoint\",\"urlTemplate\":\"https:\\\/\\\/canterocacao.com\\\/en\\\/?s={search_term_string}\"},\"query-input\":{\"@type\":\"PropertyValueSpecification\",\"valueRequired\":true,\"valueName\":\"search_term_string\"}}],\"inLanguage\":\"en-US\"},{\"@type\":\"Organization\",\"@id\":\"https:\\\/\\\/canterocacao.com\\\/en\\\/#organization\",\"name\":\"Cantero Cacao\",\"url\":\"https:\\\/\\\/canterocacao.com\\\/en\\\/\",\"logo\":{\"@type\":\"ImageObject\",\"inLanguage\":\"en-US\",\"@id\":\"https:\\\/\\\/canterocacao.com\\\/en\\\/#\\\/schema\\\/logo\\\/image\\\/\",\"url\":\"https:\\\/\\\/canterocacao.com\\\/wp-content\\\/uploads\\\/2025\\\/09\\\/logo-cantero-.png\",\"contentUrl\":\"https:\\\/\\\/canterocacao.com\\\/wp-content\\\/uploads\\\/2025\\\/09\\\/logo-cantero-.png\",\"width\":253,\"height\":100,\"caption\":\"Cantero Cacao\"},\"image\":{\"@id\":\"https:\\\/\\\/canterocacao.com\\\/en\\\/#\\\/schema\\\/logo\\\/image\\\/\"},\"sameAs\":[\"https:\\\/\\\/www.facebook.com\\\/cantero.cacao\",\"https:\\\/\\\/www.instagram.com\\\/cantero.cacao\\\/\"]}]}<\/script>\n<!-- \/ Yoast SEO plugin. -->","yoast_head_json":{"title":"BARRA AL 70% CON AR\u00c1NDANOS - CANTERO CACAO | Cacao Artesanal y Saludable 100% Colombiano","robots":{"index":"index","follow":"follow","max-snippet":"max-snippet:-1","max-image-preview":"max-image-preview:large","max-video-preview":"max-video-preview:-1"},"canonical":"https:\/\/canterocacao.com\/en\/product\/barra-de-cacao-al-70-con-arandanos\/","og_locale":"en_US","og_type":"article","og_title":"BARRA AL 70% CON AR\u00c1NDANOS - CANTERO CACAO | Cacao Artesanal y Saludable 100% Colombiano","og_description":"Barra de cacao con ar\u00e1ndanos.  Barras de cacao 70% con ar\u00e1ndanos, bean to bar. Intenso sabor a cacao con suaves matices a frutos secos y nuez.   Env\u00edo no incluido en el precio del producto.  &nbsp;","og_url":"https:\/\/canterocacao.com\/en\/product\/barra-de-cacao-al-70-con-arandanos\/","og_site_name":"CANTERO CACAO | Cacao Artesanal y Saludable 100% Colombiano","article_publisher":"https:\/\/www.facebook.com\/cantero.cacao","article_modified_time":"2026-01-28T14:40:03+00:00","og_image":[{"width":1024,"height":1024,"url":"https:\/\/canterocacao.com\/wp-content\/uploads\/2024\/10\/Barra-arandanos-con-dispensador-granos-1024x1024.png","type":"image\/png"}],"twitter_card":"summary_large_image","twitter_misc":{"Est. reading time":"1 minute"},"schema":{"@context":"https:\/\/schema.org","@graph":[{"@type":"WebPage","@id":"https:\/\/canterocacao.com\/producto\/barra-de-cacao-al-70-con-arandanos\/","url":"https:\/\/canterocacao.com\/producto\/barra-de-cacao-al-70-con-arandanos\/","name":"BARRA AL 70% CON AR\u00c1NDANOS - CANTERO CACAO | Cacao Artesanal y Saludable 100% Colombiano","isPartOf":{"@id":"https:\/\/canterocacao.com\/en\/#website"},"primaryImageOfPage":{"@id":"https:\/\/canterocacao.com\/producto\/barra-de-cacao-al-70-con-arandanos\/#primaryimage"},"image":{"@id":"https:\/\/canterocacao.com\/producto\/barra-de-cacao-al-70-con-arandanos\/#primaryimage"},"thumbnailUrl":"https:\/\/canterocacao.com\/wp-content\/uploads\/2024\/10\/Barra-arandanos-con-dispensador-granos-scaled.png","datePublished":"2024-10-22T00:36:23+00:00","dateModified":"2026-01-28T14:40:03+00:00","breadcrumb":{"@id":"https:\/\/canterocacao.com\/producto\/barra-de-cacao-al-70-con-arandanos\/#breadcrumb"},"inLanguage":"en-US","potentialAction":[{"@type":"ReadAction","target":["https:\/\/canterocacao.com\/producto\/barra-de-cacao-al-70-con-arandanos\/"]}]},{"@type":"ImageObject","inLanguage":"en-US","@id":"https:\/\/canterocacao.com\/producto\/barra-de-cacao-al-70-con-arandanos\/#primaryimage","url":"https:\/\/canterocacao.com\/wp-content\/uploads\/2024\/10\/Barra-arandanos-con-dispensador-granos-scaled.png","contentUrl":"https:\/\/canterocacao.com\/wp-content\/uploads\/2024\/10\/Barra-arandanos-con-dispensador-granos-scaled.png","width":2560,"height":2560},{"@type":"BreadcrumbList","@id":"https:\/\/canterocacao.com\/producto\/barra-de-cacao-al-70-con-arandanos\/#breadcrumb","itemListElement":[{"@type":"ListItem","position":1,"name":"Portada","item":"https:\/\/canterocacao.com\/"},{"@type":"ListItem","position":2,"name":"Tienda","item":"https:\/\/canterocacao.com\/tienda\/"},{"@type":"ListItem","position":3,"name":"BARRA AL 70% CON AR\u00c1NDANOS"}]},{"@type":"WebSite","@id":"https:\/\/canterocacao.com\/en\/#website","url":"https:\/\/canterocacao.com\/en\/","name":"CANTERO CACAO","description":"We grow cocoa in Antioquia and transform it into healthy products using traditional methods.","publisher":{"@id":"https:\/\/canterocacao.com\/en\/#organization"},"potentialAction":[{"@type":"SearchAction","target":{"@type":"EntryPoint","urlTemplate":"https:\/\/canterocacao.com\/en\/?s={search_term_string}"},"query-input":{"@type":"PropertyValueSpecification","valueRequired":true,"valueName":"search_term_string"}}],"inLanguage":"en-US"},{"@type":"Organization","@id":"https:\/\/canterocacao.com\/en\/#organization","name":"Cantero Cacao","url":"https:\/\/canterocacao.com\/en\/","logo":{"@type":"ImageObject","inLanguage":"en-US","@id":"https:\/\/canterocacao.com\/en\/#\/schema\/logo\/image\/","url":"https:\/\/canterocacao.com\/wp-content\/uploads\/2025\/09\/logo-cantero-.png","contentUrl":"https:\/\/canterocacao.com\/wp-content\/uploads\/2025\/09\/logo-cantero-.png","width":253,"height":100,"caption":"Cantero Cacao"},"image":{"@id":"https:\/\/canterocacao.com\/en\/#\/schema\/logo\/image\/"},"sameAs":["https:\/\/www.facebook.com\/cantero.cacao","https:\/\/www.instagram.com\/cantero.cacao\/"]}]}},"_links":{"self":[{"href":"https:\/\/canterocacao.com\/en\/wp-json\/wp\/v2\/product\/1188","targetHints":{"allow":["GET"]}}],"collection":[{"href":"https:\/\/canterocacao.com\/en\/wp-json\/wp\/v2\/product"}],"about":[{"href":"https:\/\/canterocacao.com\/en\/wp-json\/wp\/v2\/types\/product"}],"replies":[{"embeddable":true,"href":"https:\/\/canterocacao.com\/en\/wp-json\/wp\/v2\/comments?post=1188"}],"wp:featuredmedia":[{"embeddable":true,"href":"https:\/\/canterocacao.com\/en\/wp-json\/wp\/v2\/media\/1385"}],"wp:attachment":[{"href":"https:\/\/canterocacao.com\/en\/wp-json\/wp\/v2\/media?parent=1188"}],"wp:term":[{"taxonomy":"product_brand","embeddable":true,"href":"https:\/\/canterocacao.com\/en\/wp-json\/wp\/v2\/product_brand?post=1188"},{"taxonomy":"product_cat","embeddable":true,"href":"https:\/\/canterocacao.com\/en\/wp-json\/wp\/v2\/product_cat?post=1188"},{"taxonomy":"product_tag","embeddable":true,"href":"https:\/\/canterocacao.com\/en\/wp-json\/wp\/v2\/product_tag?post=1188"}],"curies":[{"name":"wp","href":"https:\/\/api.w.org\/{rel}","templated":true}]}}