{"id":801,"date":"2019-06-17T08:42:30","date_gmt":"2019-06-17T08:42:30","guid":{"rendered":"http:\/\/poor-salmon.w5.wpsandbox.pro\/?page_id=10"},"modified":"2025-10-01T19:10:46","modified_gmt":"2025-10-01T19:10:46","slug":"contacto","status":"publish","type":"page","link":"https:\/\/canterocacao.com\/en\/contacto\/","title":{"rendered":"Contact"},"content":{"rendered":"\t\t<div data-elementor-type=\"wp-post\" data-elementor-id=\"801\" class=\"elementor elementor-801\" data-elementor-post-type=\"page\">\n\t\t\t\t\t\t<section class=\"elementor-section elementor-top-section elementor-element elementor-element-fdd7f47 elementor-section-full_width elementor-section-height-default elementor-section-height-default\" data-id=\"fdd7f47\" data-element_type=\"section\" data-e-type=\"section\">\n\t\t\t\t\t\t<div class=\"elementor-container elementor-column-gap-default\">\n\t\t\t\t\t<div class=\"elementor-column elementor-col-100 elementor-top-column elementor-element elementor-element-75d5ff2\" data-id=\"75d5ff2\" data-element_type=\"column\" data-e-type=\"column\">\n\t\t\t<div class=\"elementor-widget-wrap elementor-element-populated\">\n\t\t\t\t\t\t<div class=\"elementor-element elementor-element-6f38a1c elementor-widget elementor-widget-spacer\" data-id=\"6f38a1c\" data-element_type=\"widget\" data-e-type=\"widget\" data-widget_type=\"spacer.default\">\n\t\t\t\t<div class=\"elementor-widget-container\">\n\t\t\t\t\t\t\t<div class=\"elementor-spacer\">\n\t\t\t<div class=\"elementor-spacer-inner\"><\/div>\n\t\t<\/div>\n\t\t\t\t\t\t<\/div>\n\t\t\t\t<\/div>\n\t\t\t\t<section class=\"elementor-section elementor-inner-section elementor-element elementor-element-cc5c8fa elementor-section-boxed elementor-section-height-default elementor-section-height-default\" data-id=\"cc5c8fa\" data-element_type=\"section\" data-e-type=\"section\">\n\t\t\t\t\t\t<div class=\"elementor-container elementor-column-gap-default\">\n\t\t\t\t\t<div class=\"elementor-column elementor-col-100 elementor-inner-column elementor-element elementor-element-1d144ed\" data-id=\"1d144ed\" data-element_type=\"column\" data-e-type=\"column\">\n\t\t\t<div class=\"elementor-widget-wrap elementor-element-populated\">\n\t\t\t\t\t\t<div class=\"elementor-element elementor-element-666e3d8 elementor-widget elementor-widget-heading\" data-id=\"666e3d8\" data-element_type=\"widget\" data-e-type=\"widget\" data-widget_type=\"heading.default\">\n\t\t\t\t<div class=\"elementor-widget-container\">\n\t\t\t\t\t<h2 class=\"elementor-heading-title elementor-size-default\">CONT\u00c1CTANOS<\/h2>\t\t\t\t<\/div>\n\t\t\t\t<\/div>\n\t\t\t\t\t<\/div>\n\t\t<\/div>\n\t\t\t\t\t<\/div>\n\t\t<\/section>\n\t\t\t\t<div class=\"elementor-element elementor-element-09b5519 elementor-widget-divider--view-line elementor-widget elementor-widget-divider\" data-id=\"09b5519\" data-element_type=\"widget\" data-e-type=\"widget\" data-widget_type=\"divider.default\">\n\t\t\t\t<div class=\"elementor-widget-container\">\n\t\t\t\t\t\t\t<div class=\"elementor-divider\">\n\t\t\t<span class=\"elementor-divider-separator\">\n\t\t\t\t\t\t<\/span>\n\t\t<\/div>\n\t\t\t\t\t\t<\/div>\n\t\t\t\t<\/div>\n\t\t\t\t<div class=\"elementor-element elementor-element-495beef elementor-widget elementor-widget-spacer\" data-id=\"495beef\" data-element_type=\"widget\" data-e-type=\"widget\" data-widget_type=\"spacer.default\">\n\t\t\t\t<div class=\"elementor-widget-container\">\n\t\t\t\t\t\t\t<div class=\"elementor-spacer\">\n\t\t\t<div class=\"elementor-spacer-inner\"><\/div>\n\t\t<\/div>\n\t\t\t\t\t\t<\/div>\n\t\t\t\t<\/div>\n\t\t\t\t\t<\/div>\n\t\t<\/div>\n\t\t\t\t\t<\/div>\n\t\t<\/section>\n\t\t\t\t<section class=\"elementor-section elementor-top-section elementor-element elementor-element-0792b6d elementor-section-boxed elementor-section-height-default elementor-section-height-default\" data-id=\"0792b6d\" data-element_type=\"section\" data-e-type=\"section\">\n\t\t\t\t\t\t<div class=\"elementor-container elementor-column-gap-default\">\n\t\t\t\t\t<div class=\"elementor-column elementor-col-50 elementor-top-column elementor-element elementor-element-7c3eacc\" data-id=\"7c3eacc\" data-element_type=\"column\" data-e-type=\"column\">\n\t\t\t<div class=\"elementor-widget-wrap elementor-element-populated\">\n\t\t\t\t\t\t<section class=\"elementor-section elementor-inner-section elementor-element elementor-element-56abacc elementor-section-boxed elementor-section-height-default elementor-section-height-default\" data-id=\"56abacc\" data-element_type=\"section\" data-e-type=\"section\">\n\t\t\t\t\t\t<div class=\"elementor-container elementor-column-gap-default\">\n\t\t\t\t\t<div class=\"elementor-column elementor-col-50 elementor-inner-column elementor-element elementor-element-c79a739\" data-id=\"c79a739\" data-element_type=\"column\" data-e-type=\"column\">\n\t\t\t<div class=\"elementor-widget-wrap elementor-element-populated\">\n\t\t\t\t\t\t<div class=\"elementor-element elementor-element-5a494b5 elementor-view-default elementor-position-block-start elementor-mobile-position-block-start elementor-widget elementor-widget-icon-box\" data-id=\"5a494b5\" data-element_type=\"widget\" data-e-type=\"widget\" data-widget_type=\"icon-box.default\">\n\t\t\t\t<div class=\"elementor-widget-container\">\n\t\t\t\t\t\t\t<div class=\"elementor-icon-box-wrapper\">\n\n\t\t\t\t\t\t<div class=\"elementor-icon-box-icon\">\n\t\t\t\t<span  class=\"elementor-icon\">\n\t\t\t\t<i aria-hidden=\"true\" class=\"fas fa-map-marker-alt\"><\/i>\t\t\t\t<\/span>\n\t\t\t<\/div>\n\t\t\t\n\t\t\t\t\t\t<div class=\"elementor-icon-box-content\">\n\n\t\t\t\t\n\t\t\t\t\t\t\t\t\t<p class=\"elementor-icon-box-description\">\n\t\t\t\t\t\tMedell\u00edn - Antioquia\t\t\t\t\t<\/p>\n\t\t\t\t\n\t\t\t<\/div>\n\t\t\t\n\t\t<\/div>\n\t\t\t\t\t\t<\/div>\n\t\t\t\t<\/div>\n\t\t\t\t\t<\/div>\n\t\t<\/div>\n\t\t\t\t<div class=\"elementor-column elementor-col-50 elementor-inner-column elementor-element elementor-element-ede072f\" data-id=\"ede072f\" data-element_type=\"column\" data-e-type=\"column\">\n\t\t\t<div class=\"elementor-widget-wrap elementor-element-populated\">\n\t\t\t\t\t\t<div class=\"elementor-element elementor-element-9b2a5be elementor-view-default elementor-position-block-start elementor-mobile-position-block-start elementor-widget elementor-widget-icon-box\" data-id=\"9b2a5be\" data-element_type=\"widget\" data-e-type=\"widget\" data-widget_type=\"icon-box.default\">\n\t\t\t\t<div class=\"elementor-widget-container\">\n\t\t\t\t\t\t\t<div class=\"elementor-icon-box-wrapper\">\n\n\t\t\t\t\t\t<div class=\"elementor-icon-box-icon\">\n\t\t\t\t<span  class=\"elementor-icon\">\n\t\t\t\t<i aria-hidden=\"true\" class=\"fas fa-envelope\"><\/i>\t\t\t\t<\/span>\n\t\t\t<\/div>\n\t\t\t\n\t\t\t\t\t\t<div class=\"elementor-icon-box-content\">\n\n\t\t\t\t\n\t\t\t\t\t\t\t\t\t<p class=\"elementor-icon-box-description\">\n\t\t\t\t\t\tcanterocacao@gmail.com\t\t\t\t\t<\/p>\n\t\t\t\t\n\t\t\t<\/div>\n\t\t\t\n\t\t<\/div>\n\t\t\t\t\t\t<\/div>\n\t\t\t\t<\/div>\n\t\t\t\t\t<\/div>\n\t\t<\/div>\n\t\t\t\t\t<\/div>\n\t\t<\/section>\n\t\t\t\t<section class=\"elementor-section elementor-inner-section elementor-element elementor-element-fec2018 elementor-section-boxed elementor-section-height-default elementor-section-height-default\" data-id=\"fec2018\" data-element_type=\"section\" data-e-type=\"section\">\n\t\t\t\t\t\t<div class=\"elementor-container elementor-column-gap-default\">\n\t\t\t\t\t<div class=\"elementor-column elementor-col-50 elementor-inner-column elementor-element elementor-element-6448f49\" data-id=\"6448f49\" data-element_type=\"column\" data-e-type=\"column\">\n\t\t\t<div class=\"elementor-widget-wrap elementor-element-populated\">\n\t\t\t\t\t\t<div class=\"elementor-element elementor-element-432657b elementor-view-default elementor-position-block-start elementor-mobile-position-block-start elementor-widget elementor-widget-icon-box\" data-id=\"432657b\" data-element_type=\"widget\" data-e-type=\"widget\" data-widget_type=\"icon-box.default\">\n\t\t\t\t<div class=\"elementor-widget-container\">\n\t\t\t\t\t\t\t<div class=\"elementor-icon-box-wrapper\">\n\n\t\t\t\t\t\t<div class=\"elementor-icon-box-icon\">\n\t\t\t\t<span  class=\"elementor-icon\">\n\t\t\t\t<i aria-hidden=\"true\" class=\"fas fa-phone\"><\/i>\t\t\t\t<\/span>\n\t\t\t<\/div>\n\t\t\t\n\t\t\t\t\t\t<div class=\"elementor-icon-box-content\">\n\n\t\t\t\t\n\t\t\t\t\t\t\t\t\t<p class=\"elementor-icon-box-description\">\n\t\t\t\t\t\t(+57) 318 717 4133\t\t\t\t\t<\/p>\n\t\t\t\t\n\t\t\t<\/div>\n\t\t\t\n\t\t<\/div>\n\t\t\t\t\t\t<\/div>\n\t\t\t\t<\/div>\n\t\t\t\t\t<\/div>\n\t\t<\/div>\n\t\t\t\t<div class=\"elementor-column elementor-col-50 elementor-inner-column elementor-element elementor-element-9e22af7\" data-id=\"9e22af7\" data-element_type=\"column\" data-e-type=\"column\">\n\t\t\t<div class=\"elementor-widget-wrap elementor-element-populated\">\n\t\t\t\t\t\t<div class=\"elementor-element elementor-element-9fd7ea8 elementor-view-default elementor-position-block-start elementor-mobile-position-block-start elementor-widget elementor-widget-icon-box\" data-id=\"9fd7ea8\" data-element_type=\"widget\" data-e-type=\"widget\" data-widget_type=\"icon-box.default\">\n\t\t\t\t<div class=\"elementor-widget-container\">\n\t\t\t\t\t\t\t<div class=\"elementor-icon-box-wrapper\">\n\n\t\t\t\t\t\t<div class=\"elementor-icon-box-icon\">\n\t\t\t\t<span  class=\"elementor-icon\">\n\t\t\t\t<i aria-hidden=\"true\" class=\"fas fa-fax\"><\/i>\t\t\t\t<\/span>\n\t\t\t<\/div>\n\t\t\t\n\t\t\t\t\t\t<div class=\"elementor-icon-box-content\">\n\n\t\t\t\t\n\t\t\t\t\t\t\t\t\t<p class=\"elementor-icon-box-description\">\n\t\t\t\t\t\tCont\u00e1ctanos \t\t\t\t\t<\/p>\n\t\t\t\t\n\t\t\t<\/div>\n\t\t\t\n\t\t<\/div>\n\t\t\t\t\t\t<\/div>\n\t\t\t\t<\/div>\n\t\t\t\t\t<\/div>\n\t\t<\/div>\n\t\t\t\t\t<\/div>\n\t\t<\/section>\n\t\t\t\t\t<\/div>\n\t\t<\/div>\n\t\t\t\t<div class=\"elementor-column elementor-col-50 elementor-top-column elementor-element elementor-element-17c2d64\" data-id=\"17c2d64\" data-element_type=\"column\" data-e-type=\"column\">\n\t\t\t<div class=\"elementor-widget-wrap elementor-element-populated\">\n\t\t\t\t\t\t<div class=\"elementor-element elementor-element-6d3806f elementor-widget elementor-widget-shortcode\" data-id=\"6d3806f\" data-element_type=\"widget\" data-e-type=\"widget\" data-widget_type=\"shortcode.default\">\n\t\t\t\t<div class=\"elementor-widget-container\">\n\t\t\t\t\t\t\t<div class=\"elementor-shortcode\"><div class=\"everest-forms\"><div class=\"evf-container default\" id=\"evf-294\"><form id=\"evf-form-294\" class=\"everest-form\" data-formid=\"294\" data-ajax_submission=\"1\" data-keyboard_friendly_form=\"0\" data-form_state_type=\"\" method=\"post\" enctype=\"multipart\/form-data\" action=\"\/en\/wp-json\/wp\/v2\/pages\/801\"><div class=\"evf-field-container\"><input type=\"hidden\" id=\"_wpnonce294\" name=\"_wpnonce294\" value=\"0d838541e8\" \/><input type=\"hidden\" name=\"_wp_http_referer\" value=\"\/en\/wp-json\/wp\/v2\/pages\/801\" \/><div class=\"evf-frontend-row\" data-row=\"row_1\" conditional_rules=\"[]\"><div class=\"evf-frontend-grid evf-grid-1\" data-grid=\"grid_1\"><div id=\"evf-294-field_qeBvk1NaeQ-1-container\" class=\"evf-field evf-field-first-name form-row\" data-field-id=\"qeBvk1NaeQ-1\"><label class=\"evf-field-label evf-label-hide\" for=\"evf-294-field_qeBvk1NaeQ-1\"><span class=\"evf-label\">Nombre<\/span> <\/label><input type=\"text\" id=\"evf-294-field_qeBvk1NaeQ-1\" class=\"input-text\" name=\"everest_forms[form_fields][qeBvk1NaeQ-1]\" placeholder=\"Nombre\" ><\/div><div id=\"evf-294-field_ENr9WdpgGQ-2-container\" class=\"evf-field evf-field-number form-row\" data-field-id=\"ENr9WdpgGQ-2\"><label class=\"evf-field-label evf-label-hide\" for=\"evf-294-field_ENr9WdpgGQ-2\"><span class=\"evf-label\">Tel\u00e9fono<\/span> <\/label><input type=\"number\" id=\"evf-294-field_ENr9WdpgGQ-2\" class=\"input-text\" name=\"everest_forms[form_fields][ENr9WdpgGQ-2]\" placeholder=\"Cel\/Hogar\" step=\"1\" \/><\/div><div id=\"evf-294-field_52pe0S6f7y-3-container\" class=\"evf-field evf-field-email form-row validate-email\" data-field-id=\"52pe0S6f7y-3\"><label class=\"evf-field-label evf-label-hide\" for=\"evf-294-field_52pe0S6f7y-3\"><span class=\"evf-label\">email<\/span> <\/label><input type=\"email\" id=\"evf-294-field_52pe0S6f7y-3\" class=\"input-text\" name=\"everest_forms[form_fields][52pe0S6f7y-3]\" placeholder=\"Email\"  ><\/div><div id=\"evf-294-field_MJDGfvRR6o-4-container\" class=\"evf-field evf-field-text form-row\" data-field-id=\"MJDGfvRR6o-4\"><label class=\"evf-field-label evf-label-hide\" for=\"evf-294-field_MJDGfvRR6o-4\"><span class=\"evf-label\">Asunto<\/span> <\/label><input type=\"text\" id=\"evf-294-field_MJDGfvRR6o-4\" class=\"input-text\" name=\"everest_forms[form_fields][MJDGfvRR6o-4]\" placeholder=\"Asunto\" ><\/div><div id=\"evf-294-field_lNJswmyFsx-5-container\" class=\"evf-field evf-field-textarea form-row\" data-field-id=\"lNJswmyFsx-5\"><label class=\"evf-field-label evf-label-hide\" for=\"evf-294-field_lNJswmyFsx-5\"><span class=\"evf-label\">Mensaje<\/span> <\/label><textarea id=\"evf-294-field_lNJswmyFsx-5\" class=\"input-text\" name=\"everest_forms[form_fields][lNJswmyFsx-5]\" placeholder=\"Mensaje\"  ><\/textarea><\/div><\/div><\/div><\/div><div class=\"evf-honeypot-container evf-field-hp\"><label for=\"evf-294-field-hp\" class=\"evf-field-label\">Name<\/label><input type=\"text\" name=\"everest_forms[hp]\" id=\"evf-294-field-hp\" class=\"input-text\"><\/div><div class=\"evf-submit-container \" ><input type=\"hidden\" name=\"everest_forms[id]\" value=\"294\"><input type=\"hidden\" name=\"everest_forms[author]\" value=\"1\"><button type='submit' name='everest_forms[submit]' class='everest-forms-submit-button button evf-submit ' id='evf-submit-294' value='evf-submit' data-process-text=\"Enviar...\" conditional_rules='&quot;&quot;' conditional_id='evf-submit-294'  id=\"evf-submit-294\" aria-live=\"assertive\">Enviar<\/button><\/div><\/form><\/div><!-- .evf-container --><\/div><\/div>\n\t\t\t\t\t\t<\/div>\n\t\t\t\t<\/div>\n\t\t\t\t\t<\/div>\n\t\t<\/div>\n\t\t\t\t\t<\/div>\n\t\t<\/section>\n\t\t\t\t<section class=\"elementor-section elementor-top-section elementor-element elementor-element-fca2abd elementor-section-boxed elementor-section-height-default elementor-section-height-default\" data-id=\"fca2abd\" data-element_type=\"section\" data-e-type=\"section\">\n\t\t\t\t\t\t<div class=\"elementor-container elementor-column-gap-default\">\n\t\t\t\t\t<div class=\"elementor-column elementor-col-100 elementor-top-column elementor-element elementor-element-c05d9b8\" data-id=\"c05d9b8\" data-element_type=\"column\" data-e-type=\"column\">\n\t\t\t<div class=\"elementor-widget-wrap elementor-element-populated\">\n\t\t\t\t\t\t<div class=\"elementor-element elementor-element-bb89850 elementor-widget elementor-widget-spacer\" data-id=\"bb89850\" data-element_type=\"widget\" data-e-type=\"widget\" data-widget_type=\"spacer.default\">\n\t\t\t\t<div class=\"elementor-widget-container\">\n\t\t\t\t\t\t\t<div class=\"elementor-spacer\">\n\t\t\t<div class=\"elementor-spacer-inner\"><\/div>\n\t\t<\/div>\n\t\t\t\t\t\t<\/div>\n\t\t\t\t<\/div>\n\t\t\t\t<div class=\"elementor-element elementor-element-68e2d45 elementor-widget elementor-widget-google_maps\" data-id=\"68e2d45\" data-element_type=\"widget\" data-e-type=\"widget\" data-widget_type=\"google_maps.default\">\n\t\t\t\t<div class=\"elementor-widget-container\">\n\t\t\t\t\t\t\t<div class=\"elementor-custom-embed\">\n\t\t\t<iframe loading=\"lazy\"\n\t\t\t\t\tsrc=\"https:\/\/maps.google.com\/maps?q=medellin&#038;t=m&#038;z=10&#038;output=embed&#038;iwloc=near\"\n\t\t\t\t\ttitle=\"medellin\"\n\t\t\t\t\taria-label=\"medellin\"\n\t\t\t><\/iframe>\n\t\t<\/div>\n\t\t\t\t\t\t<\/div>\n\t\t\t\t<\/div>\n\t\t\t\t<div class=\"elementor-element elementor-element-ef82eeb elementor-widget elementor-widget-spacer\" data-id=\"ef82eeb\" data-element_type=\"widget\" data-e-type=\"widget\" data-widget_type=\"spacer.default\">\n\t\t\t\t<div class=\"elementor-widget-container\">\n\t\t\t\t\t\t\t<div class=\"elementor-spacer\">\n\t\t\t<div class=\"elementor-spacer-inner\"><\/div>\n\t\t<\/div>\n\t\t\t\t\t\t<\/div>\n\t\t\t\t<\/div>\n\t\t\t\t\t<\/div>\n\t\t<\/div>\n\t\t\t\t\t<\/div>\n\t\t<\/section>\n\t\t\t\t<\/div>\n\t\t","protected":false},"excerpt":{"rendered":"<p>CONT\u00c1CTANOS Medell\u00edn &#8211; Antioquia canterocacao@gmail.com (+57) 318 717 4133 Cont\u00e1ctanos<\/p>","protected":false},"author":1,"featured_media":0,"parent":0,"menu_order":0,"comment_status":"closed","ping_status":"closed","template":"page-templates\/pagebuilder.php","meta":{"_joinchat":[],"footnotes":""},"class_list":["post-801","page","type-page","status-publish","hentry"],"yoast_head":"<!-- This site is optimized with the Yoast SEO plugin v27.5 - https:\/\/yoast.com\/product\/yoast-seo-wordpress\/ -->\n<title>Contacto - CANTERO CACAO | Cacao Artesanal y Saludable 100% Colombiano<\/title>\n<meta name=\"robots\" content=\"index, follow, max-snippet:-1, max-image-preview:large, max-video-preview:-1\" \/>\n<link rel=\"canonical\" href=\"https:\/\/canterocacao.com\/en\/contacto\/\" \/>\n<meta property=\"og:locale\" content=\"en_US\" \/>\n<meta property=\"og:type\" content=\"article\" \/>\n<meta property=\"og:title\" content=\"Contacto - CANTERO CACAO | Cacao Artesanal y Saludable 100% Colombiano\" \/>\n<meta property=\"og:description\" content=\"CONT\u00c1CTANOS Medell\u00edn &#8211; Antioquia canterocacao@gmail.com (+57) 318 717 4133 Cont\u00e1ctanos\" \/>\n<meta property=\"og:url\" content=\"https:\/\/canterocacao.com\/en\/contacto\/\" \/>\n<meta property=\"og:site_name\" content=\"CANTERO CACAO | Cacao Artesanal y Saludable 100% Colombiano\" \/>\n<meta property=\"article:publisher\" content=\"https:\/\/www.facebook.com\/cantero.cacao\" \/>\n<meta property=\"article:modified_time\" content=\"2025-10-01T19:10:46+00:00\" \/>\n<meta name=\"twitter:card\" content=\"summary_large_image\" \/>\n<meta name=\"twitter:label1\" content=\"Est. reading time\" \/>\n\t<meta name=\"twitter:data1\" content=\"1 minute\" \/>\n<script type=\"application\/ld+json\" class=\"yoast-schema-graph\">{\"@context\":\"https:\\\/\\\/schema.org\",\"@graph\":[{\"@type\":\"WebPage\",\"@id\":\"https:\\\/\\\/canterocacao.com\\\/contacto\\\/\",\"url\":\"https:\\\/\\\/canterocacao.com\\\/contacto\\\/\",\"name\":\"Contacto - CANTERO CACAO | Cacao Artesanal y Saludable 100% Colombiano\",\"isPartOf\":{\"@id\":\"https:\\\/\\\/canterocacao.com\\\/en\\\/#website\"},\"datePublished\":\"2019-06-17T08:42:30+00:00\",\"dateModified\":\"2025-10-01T19:10:46+00:00\",\"breadcrumb\":{\"@id\":\"https:\\\/\\\/canterocacao.com\\\/contacto\\\/#breadcrumb\"},\"inLanguage\":\"en-US\",\"potentialAction\":[{\"@type\":\"ReadAction\",\"target\":[\"https:\\\/\\\/canterocacao.com\\\/contacto\\\/\"]}]},{\"@type\":\"BreadcrumbList\",\"@id\":\"https:\\\/\\\/canterocacao.com\\\/contacto\\\/#breadcrumb\",\"itemListElement\":[{\"@type\":\"ListItem\",\"position\":1,\"name\":\"Portada\",\"item\":\"https:\\\/\\\/canterocacao.com\\\/\"},{\"@type\":\"ListItem\",\"position\":2,\"name\":\"Contacto\"}]},{\"@type\":\"WebSite\",\"@id\":\"https:\\\/\\\/canterocacao.com\\\/en\\\/#website\",\"url\":\"https:\\\/\\\/canterocacao.com\\\/en\\\/\",\"name\":\"CANTERO CACAO\",\"description\":\"Cultivamos cacao en Antioquia y  lo transformamos de manera artesanal en productos saludables\",\"publisher\":{\"@id\":\"https:\\\/\\\/canterocacao.com\\\/en\\\/#organization\"},\"potentialAction\":[{\"@type\":\"SearchAction\",\"target\":{\"@type\":\"EntryPoint\",\"urlTemplate\":\"https:\\\/\\\/canterocacao.com\\\/en\\\/?s={search_term_string}\"},\"query-input\":{\"@type\":\"PropertyValueSpecification\",\"valueRequired\":true,\"valueName\":\"search_term_string\"}}],\"inLanguage\":\"en-US\"},{\"@type\":\"Organization\",\"@id\":\"https:\\\/\\\/canterocacao.com\\\/en\\\/#organization\",\"name\":\"Cantero Cacao\",\"url\":\"https:\\\/\\\/canterocacao.com\\\/en\\\/\",\"logo\":{\"@type\":\"ImageObject\",\"inLanguage\":\"en-US\",\"@id\":\"https:\\\/\\\/canterocacao.com\\\/en\\\/#\\\/schema\\\/logo\\\/image\\\/\",\"url\":\"https:\\\/\\\/canterocacao.com\\\/wp-content\\\/uploads\\\/2025\\\/09\\\/logo-cantero-.png\",\"contentUrl\":\"https:\\\/\\\/canterocacao.com\\\/wp-content\\\/uploads\\\/2025\\\/09\\\/logo-cantero-.png\",\"width\":253,\"height\":100,\"caption\":\"Cantero Cacao\"},\"image\":{\"@id\":\"https:\\\/\\\/canterocacao.com\\\/en\\\/#\\\/schema\\\/logo\\\/image\\\/\"},\"sameAs\":[\"https:\\\/\\\/www.facebook.com\\\/cantero.cacao\",\"https:\\\/\\\/www.instagram.com\\\/cantero.cacao\\\/\"]}]}<\/script>\n<!-- \/ Yoast SEO plugin. -->","yoast_head_json":{"title":"Contacto - CANTERO CACAO | Cacao Artesanal y Saludable 100% Colombiano","robots":{"index":"index","follow":"follow","max-snippet":"max-snippet:-1","max-image-preview":"max-image-preview:large","max-video-preview":"max-video-preview:-1"},"canonical":"https:\/\/canterocacao.com\/en\/contacto\/","og_locale":"en_US","og_type":"article","og_title":"Contacto - CANTERO CACAO | Cacao Artesanal y Saludable 100% Colombiano","og_description":"CONT\u00c1CTANOS Medell\u00edn &#8211; Antioquia canterocacao@gmail.com (+57) 318 717 4133 Cont\u00e1ctanos","og_url":"https:\/\/canterocacao.com\/en\/contacto\/","og_site_name":"CANTERO CACAO | Cacao Artesanal y Saludable 100% Colombiano","article_publisher":"https:\/\/www.facebook.com\/cantero.cacao","article_modified_time":"2025-10-01T19:10:46+00:00","twitter_card":"summary_large_image","twitter_misc":{"Est. reading time":"1 minute"},"schema":{"@context":"https:\/\/schema.org","@graph":[{"@type":"WebPage","@id":"https:\/\/canterocacao.com\/contacto\/","url":"https:\/\/canterocacao.com\/contacto\/","name":"Contacto - CANTERO CACAO | Cacao Artesanal y Saludable 100% Colombiano","isPartOf":{"@id":"https:\/\/canterocacao.com\/en\/#website"},"datePublished":"2019-06-17T08:42:30+00:00","dateModified":"2025-10-01T19:10:46+00:00","breadcrumb":{"@id":"https:\/\/canterocacao.com\/contacto\/#breadcrumb"},"inLanguage":"en-US","potentialAction":[{"@type":"ReadAction","target":["https:\/\/canterocacao.com\/contacto\/"]}]},{"@type":"BreadcrumbList","@id":"https:\/\/canterocacao.com\/contacto\/#breadcrumb","itemListElement":[{"@type":"ListItem","position":1,"name":"Portada","item":"https:\/\/canterocacao.com\/"},{"@type":"ListItem","position":2,"name":"Contacto"}]},{"@type":"WebSite","@id":"https:\/\/canterocacao.com\/en\/#website","url":"https:\/\/canterocacao.com\/en\/","name":"CANTERO CACAO","description":"We grow cocoa in Antioquia and transform it into healthy products using traditional methods.","publisher":{"@id":"https:\/\/canterocacao.com\/en\/#organization"},"potentialAction":[{"@type":"SearchAction","target":{"@type":"EntryPoint","urlTemplate":"https:\/\/canterocacao.com\/en\/?s={search_term_string}"},"query-input":{"@type":"PropertyValueSpecification","valueRequired":true,"valueName":"search_term_string"}}],"inLanguage":"en-US"},{"@type":"Organization","@id":"https:\/\/canterocacao.com\/en\/#organization","name":"Cantero Cacao","url":"https:\/\/canterocacao.com\/en\/","logo":{"@type":"ImageObject","inLanguage":"en-US","@id":"https:\/\/canterocacao.com\/en\/#\/schema\/logo\/image\/","url":"https:\/\/canterocacao.com\/wp-content\/uploads\/2025\/09\/logo-cantero-.png","contentUrl":"https:\/\/canterocacao.com\/wp-content\/uploads\/2025\/09\/logo-cantero-.png","width":253,"height":100,"caption":"Cantero Cacao"},"image":{"@id":"https:\/\/canterocacao.com\/en\/#\/schema\/logo\/image\/"},"sameAs":["https:\/\/www.facebook.com\/cantero.cacao","https:\/\/www.instagram.com\/cantero.cacao\/"]}]}},"_links":{"self":[{"href":"https:\/\/canterocacao.com\/en\/wp-json\/wp\/v2\/pages\/801","targetHints":{"allow":["GET"]}}],"collection":[{"href":"https:\/\/canterocacao.com\/en\/wp-json\/wp\/v2\/pages"}],"about":[{"href":"https:\/\/canterocacao.com\/en\/wp-json\/wp\/v2\/types\/page"}],"author":[{"embeddable":true,"href":"https:\/\/canterocacao.com\/en\/wp-json\/wp\/v2\/users\/1"}],"replies":[{"embeddable":true,"href":"https:\/\/canterocacao.com\/en\/wp-json\/wp\/v2\/comments?post=801"}],"version-history":[{"count":5,"href":"https:\/\/canterocacao.com\/en\/wp-json\/wp\/v2\/pages\/801\/revisions"}],"predecessor-version":[{"id":1319,"href":"https:\/\/canterocacao.com\/en\/wp-json\/wp\/v2\/pages\/801\/revisions\/1319"}],"wp:attachment":[{"href":"https:\/\/canterocacao.com\/en\/wp-json\/wp\/v2\/media?parent=801"}],"curies":[{"name":"wp","href":"https:\/\/api.w.org\/{rel}","templated":true}]}}